{"id":159,"date":"2025-08-03T19:36:18","date_gmt":"2025-08-03T19:36:18","guid":{"rendered":"https:\/\/physicseconomy.com\/?page_id=159"},"modified":"2026-02-16T22:49:51","modified_gmt":"2026-02-16T21:49:51","slug":"159-2","status":"publish","type":"page","link":"https:\/\/physicseconomy.com\/de\/","title":{"rendered":"Home"},"content":{"rendered":"<div class=\"wp-block-group is-vertical is-content-justification-center is-layout-flex wp-container-core-group-is-layout-ce155fab wp-block-group-is-layout-flex\">\n<figure class=\"wp-block-image size-full is-style-default\"><img decoding=\"async\" src=\"https:\/\/physicseconomy.com\/wp-content\/uploads\/2025\/12\/cropped-logo-text-qubic-scaled-e1765920516671.jpg\" alt=\"PhysicsEconomy\" class=\"wp-image-485\" style=\"aspect-ratio:16\/9;object-fit:cover\"\/><\/figure>\n<\/div>\n\n\n\n<main class=\"wp-block-group alignfull has-global-padding is-layout-constrained wp-container-core-group-is-layout-a62636b3 wp-block-group-is-layout-constrained\">\n<div class=\"wp-block-group has-global-padding is-content-justification-center is-layout-constrained wp-container-core-group-is-layout-47709e2f wp-block-group-is-layout-constrained\">\n<hr class=\"wp-block-separator has-alpha-channel-opacity\"\/>\n\n\n\n<div class=\"wp-block-group has-global-padding is-layout-constrained wp-container-core-group-is-layout-279e0ccb wp-block-group-is-layout-constrained\"><p class=\"has-text-align-center wp-block-site-tagline\">Your dedicated blog for insights on physics-driven startups and IPOs, providing you with information and inspiration.<\/p><\/div>\n<\/div>\n\n\n\n<div class=\"wp-block-group has-global-padding is-layout-constrained wp-block-group-is-layout-constrained\"><iframe referrerpolicy=\"no-referrer-when-downgrade\" id=\"c3c1c4e5-7997-0f8a-f910-efa0f5e6c351\" frameborder=\"0\" class=\"stockdio_ticker\" scrolling=\"no\" width=\"100%\"  src=\"https:\/\/api.stockdio.com\/visualization\/financial\/charts\/v1\/ticker?app-key=D979C03F77D24A85ADC39FA5BEEBDF69&#038;wp=1&#038;addVolume=false&#038;symbols=QBTS%3BQUBT%3BSPIR%3BFLY%3BRKLB%3BRGTI&#038;stockExchange=USA&#038;scroll=auto&#038;layoutType=1&#038;culture=normal&#038;speed=fast&#038;palette=Financial-Light&#038;motif=Financial&#038;width=100%25&#038;onload=c3c1c4e5-7997-0f8a-f910-efa0f5e6c351\"><\/iframe>\n\n\n<p class=\"has-large-font-size\"><strong>Featured:<\/strong><\/p>\n\n\n\n<figure class=\"wp-block-embed is-type-wp-embed is-provider-physicseconomy wp-block-embed-physicseconomy\"><div class=\"wp-block-embed__wrapper\">\n<blockquote class=\"wp-embedded-content\" data-secret=\"lKotscsMsp\"><a href=\"https:\/\/physicseconomy.com\/de\/uncategorized\/europe-vs-us-quantum-computing\/\">Quantum sector: USA vs Europe<\/a><\/blockquote><iframe loading=\"lazy\" class=\"wp-embedded-content\" sandbox=\"allow-scripts\" security=\"restricted\" style=\"position: absolute; visibility: hidden;\" title=\"&#8222;Quantum sector: USA vs Europe&#8220; &#8212; PhysicsEconomy\" src=\"https:\/\/physicseconomy.com\/uncategorized\/europe-vs-us-quantum-computing\/embed\/#?secret=myYdnC4nI8#?secret=lKotscsMsp\" data-secret=\"lKotscsMsp\" width=\"500\" height=\"282\" frameborder=\"0\" marginwidth=\"0\" marginheight=\"0\" scrolling=\"no\"><\/iframe>\n<\/div><\/figure>\n\n\n\n<hr class=\"wp-block-separator has-alpha-channel-opacity\"\/>\n\n\n\n<div class=\"wp-block-columns is-layout-flex wp-container-core-columns-is-layout-28f84493 wp-block-columns-is-layout-flex\">\n<div class=\"wp-block-column is-layout-flow wp-block-column-is-layout-flow\" style=\"flex-basis:100%\">\n<div class=\"wp-block-group is-layout-grid wp-container-core-group-is-layout-478b6e6b wp-block-group-is-layout-grid\">\n<div class=\"wp-block-group wp-container-content-e29552f7 is-layout-grid wp-container-core-group-is-layout-e2bd5cb0 wp-block-group-is-layout-grid\">\n<p><strong>Unsere Mission<\/strong> Unser Hauptanliegen ist es, Ihre zentrale Quelle f\u00fcr fundierte Artikel und tiefgehende Analysen zu Deep-Tech- und physikbasierten Start-ups zu sein. Wir blicken \u00fcber die Schlagzeilen hinaus, um die wissenschaftlichen Grundlagen, die zugrunde liegenden Gesch\u00e4ftsmodelle und das Marktpotenzial dieser zukunftsweisenden Unternehmungen zu entschl\u00fcsseln.<\/p>\n\n\n\n<p class=\"wp-container-content-64aeeb98\">Unsere Beitr\u00e4ge beziehen sich auf:<\/p>\n\n\n\n<ul class=\"wp-block-list\">\n<li><strong>Detailierte Startup Profile:<\/strong> Entschl\u00fcsselung der Technologie, des Teams und der Vision hinter den vielversprechendsten Deep-Tech- und Physik-Start-ups.<\/li>\n\n\n\n<li><strong>Marktanalysen:<\/strong> Providing insights into the trends, challenges, and opportunities within sectors like quantum computing, New-Space, fusion energy, advanced materials, photonics, and AI physics simulations.<\/li>\n\n\n\n<li><strong>Technologische Aufkl\u00e4rung:<\/strong> Erkl\u00e4rung komplexer wissenschaftlicher Prinzipien in einer zug\u00e4nglichen Art und ihre Kommerzialisierung<\/li>\n\n\n\n<li><strong>Investment Perspektiven:<\/strong> Ein Ausblick auf das Potenzial und die Risiken f\u00fcr Investoren, die sich f\u00fcr diesen einflussreichen Bereich interessieren.<\/li>\n<\/ul>\n\n\n\n<p>Egal, ob Sie ein Investor sind, der nach der n\u00e4chsten gro\u00dfen Chance sucht, ein Unternehmer, der sich in der Deep-Tech-Landschaft bewegt, ein Forscher, der nach realen Anwendungen der Physik sucht, oder einfach nur neugierig sind, wie die Wissenschaft unsere Wirtschaft pr\u00e4gt: PhysicsEconomy.com ist f\u00fcr Sie konzipiert. Unser Ziel ist es, ein tieferes Verst\u00e4ndnis und Wertsch\u00e4tzung f\u00fcr die grundlegenden Innovationen zu f\u00f6rdern, die unsere technologische Zukunft antreiben.<\/p>\n<\/div>\n<\/div>\n<\/div>\n<\/div>\n\n\n\n<div class=\"wp-block-buttons is-horizontal is-layout-flex wp-block-buttons-is-layout-flex\">\n<div class=\"wp-block-button has-custom-width wp-block-button__width-50\"><a class=\"wp-block-button__link has-contrast-4-background-color has-background wp-element-button\" href=\"https:\/\/physicseconomy.com\/de\/latest-articles\/\">Latest Articles<\/a><\/div>\n\n\n\n<div class=\"wp-block-button has-custom-width wp-block-button__width-25\"><a class=\"wp-block-button__link has-contrast-4-background-color has-background wp-element-button\" href=\"https:\/\/physicseconomy.com\/de\/startups\/\">Start-Ups<\/a><\/div>\n\n\n\n<div class=\"wp-block-button has-custom-width wp-block-button__width-25\"><a class=\"wp-block-button__link has-contrast-4-background-color has-background wp-element-button\" href=\"https:\/\/physicseconomy.com\/de\/about-us\/\">About Us<\/a><\/div>\n<\/div>\n<\/div>\n<\/main>\n\n\n\n<div class=\"wp-block-group alignfull is-layout-flow wp-container-core-group-is-layout-15ea44a4 wp-block-group-is-layout-flow\">\n<div class=\"wp-block-query has-global-padding is-layout-constrained wp-block-query-is-layout-constrained\">\n<div class=\"wp-block-group has-global-padding is-layout-constrained wp-block-group-is-layout-constrained\"><\/div>\n\n\n\n<p>Bekomme Einblicke vor allen anderen<\/p>\n<\/div>\n<\/div>\n\n\n<div class=\"wp-block-jetpack-subscriptions__supports-newline wp-block-jetpack-subscriptions\">\n\t\t<div>\n\t\t\t<div>\n\t\t\t\t<div>\n\t\t\t\t\t<p >\n\t\t\t\t\t\t<a href=\"https:\/\/physicseconomy.com\/de\/?post_type=page&#038;p=159\" style=\"font-size: 16px;padding: 15px 23px 15px 23px;margin: 0; margin-left: 10px;border-radius: 0px;border-width: 1px; background-color: #113AF5; color: #FFFFFF; text-decoration: none; white-space: nowrap; margin-left: 0\">Abonnieren<\/a>\n\t\t\t\t\t<\/p>\n\t\t\t\t<\/div>\n\t\t\t<\/div>\n\t\t<\/div>\n\t<\/div>","protected":false},"excerpt":{"rendered":"<p>Featured: What We Do: Our primary purpose is to be your go-to source for insightful articles and comprehensive analysis on deep tech and physics-driven startups. We dive beyond the headlines to understand the science, the business models, and the market potential of these pioneering ventures. Our content focuses on: Whether you&#8217;re an investor seeking the [&hellip;]<\/p>","protected":false},"author":1,"featured_media":0,"parent":0,"menu_order":1,"comment_status":"closed","ping_status":"closed","template":"page-no-title","meta":{"jetpack_post_was_ever_published":false,"footnotes":""},"class_list":["post-159","page","type-page","status-publish","hentry"],"jetpack_sharing_enabled":true,"jetpack-related-posts":[{"id":195,"url":"https:\/\/physicseconomy.com\/de\/159-2-mobile\/","url_meta":{"origin":159,"position":0},"title":"home","author":"admin","date":"August 9, 2025","format":false,"excerpt":"Featured: https:\/\/physicseconomy.com\/uncategorized\/europe-vs-us-quantum-computing\/ Latest Articles: What We Do: Our primary purpose is to be your go-to source for insightful articles and comprehensive analysis on deep tech and physics-driven startups. We dive beyond the headlines to understand the science, the business models, and the market potential of these pioneering ventures. Our content\u2026","rel":"","context":"\u00c4hnlicher Beitrag","block_context":{"text":"\u00c4hnlicher Beitrag","link":""},"img":{"alt_text":"","src":"https:\/\/i0.wp.com\/physicseconomy.com\/wp-content\/uploads\/2025\/12\/cropped-logo-text-qubic-scaled-e1771278874374.jpg?resize=350%2C200&ssl=1","width":350,"height":200},"classes":[]}],"_links":{"self":[{"href":"https:\/\/physicseconomy.com\/de\/wp-json\/wp\/v2\/pages\/159","targetHints":{"allow":["GET"]}}],"collection":[{"href":"https:\/\/physicseconomy.com\/de\/wp-json\/wp\/v2\/pages"}],"about":[{"href":"https:\/\/physicseconomy.com\/de\/wp-json\/wp\/v2\/types\/page"}],"author":[{"embeddable":true,"href":"https:\/\/physicseconomy.com\/de\/wp-json\/wp\/v2\/users\/1"}],"replies":[{"embeddable":true,"href":"https:\/\/physicseconomy.com\/de\/wp-json\/wp\/v2\/comments?post=159"}],"version-history":[{"count":29,"href":"https:\/\/physicseconomy.com\/de\/wp-json\/wp\/v2\/pages\/159\/revisions"}],"predecessor-version":[{"id":523,"href":"https:\/\/physicseconomy.com\/de\/wp-json\/wp\/v2\/pages\/159\/revisions\/523"}],"wp:attachment":[{"href":"https:\/\/physicseconomy.com\/de\/wp-json\/wp\/v2\/media?parent=159"}],"curies":[{"name":"wp","href":"https:\/\/api.w.org\/{rel}","templated":true}]}}