{"id":191,"date":"2025-10-30T21:34:24","date_gmt":"2025-10-30T21:34:24","guid":{"rendered":"https:\/\/physicseconomy.com\/?page_id=191"},"modified":"2025-10-30T22:20:13","modified_gmt":"2025-10-30T22:20:13","slug":"impressum","status":"publish","type":"page","link":"https:\/\/physicseconomy.com\/de\/impressum\/","title":{"rendered":"Impressum"},"content":{"rendered":"<p><br><\/p>\n\n\n<p><b>Information according to \u00a7 5 DDG <\/b><\/p><p>PhysicsEconomy<br \/>Amir Figut<br\/>M\u00fclchenstr.<br\/>54313 Zemmer<br\/>Deutschland<br\/><\/p><p><b>Vertreten durch:<\/b> Amir Figut<br\/><\/p><p><b>Kontakt:<\/b><br\/>E-Mail: <span style=\"display: none !important;\">2SzmTMAjftG6tBG<\/span>amirfigut<span style=\"display: none !important;\">PJAUapdXvdPT7sQ<\/span>@<span style=\"display: none !important;\">HMimZ5eGOrHQiER<\/span>physicseconomy.com<span style=\"display: none !important;\">AkHPhMEWWUHZu1G<\/span><br\/><\/p><p><b>Haftungsausschluss<\/b><br \/><\/p><p><b>Haftung f\u00fcr Links:<\/b><br\/>Unser Angebot enth\u00e4lt Links zu externen Webseiten Dritter, auf deren Inhalte wir keinen Einfluss haben. Deshalb k\u00f6nnen wir f\u00fcr diese fremden Inhalte auch keine Gew\u00e4hr \u00fcbernehmen. F\u00fcr die Inhalte der verlinkten Seiten ist stets der jeweilige Anbieter oder Betreiber der Seiten verantwortlich. Die verlinkten Seiten wurden zum Zeitpunkt der Verlinkung auf m\u00f6gliche Rechtsverst\u00f6\u00dfe \u00fcberpr\u00fcft. Rechtswidrige Inhalte waren zum Zeitpunkt der Verlinkung nicht erkennbar. Eine permanente inhaltliche Kontrolle der verlinkten Seiten ist jedoch ohne konkrete Anhaltspunkte einer Rechtsverletzung nicht zumutbar. Bei Bekanntwerden von Rechtsverletzungen werden wir derartige Links umgehend entfernen.<\/p><p><b>Haftung f\u00fcr Inhalt:<\/b><br\/>The contents of our pages were created with the greatest care. However, we cannot assume any liability for the correctness, completeness and topicality of the contents. As a service provider, we are responsible for our own content on these pages in accordance with \u00a7 5 DDG and general laws. According to \u00a7 5 DDG we are not obliged to monitor transmitted or stored information from third parties or to investigate circumstances that indicate illegal activity. Obligations to remove or block the use of information according to general laws remain unaffected. However, liability in this respect is only possible from the time of knowledge of a concrete infringement. If we become aware of any such violations, we will remove the content in question immediately.<\/p>","protected":false},"excerpt":{"rendered":"","protected":false},"author":1,"featured_media":0,"parent":0,"menu_order":5,"comment_status":"closed","ping_status":"closed","template":"page-blank","meta":{"jetpack_post_was_ever_published":false,"footnotes":""},"class_list":["post-191","page","type-page","status-publish","hentry"],"jetpack_sharing_enabled":true,"jetpack-related-posts":[],"_links":{"self":[{"href":"https:\/\/physicseconomy.com\/de\/wp-json\/wp\/v2\/pages\/191","targetHints":{"allow":["GET"]}}],"collection":[{"href":"https:\/\/physicseconomy.com\/de\/wp-json\/wp\/v2\/pages"}],"about":[{"href":"https:\/\/physicseconomy.com\/de\/wp-json\/wp\/v2\/types\/page"}],"author":[{"embeddable":true,"href":"https:\/\/physicseconomy.com\/de\/wp-json\/wp\/v2\/users\/1"}],"replies":[{"embeddable":true,"href":"https:\/\/physicseconomy.com\/de\/wp-json\/wp\/v2\/comments?post=191"}],"version-history":[{"count":3,"href":"https:\/\/physicseconomy.com\/de\/wp-json\/wp\/v2\/pages\/191\/revisions"}],"predecessor-version":[{"id":359,"href":"https:\/\/physicseconomy.com\/de\/wp-json\/wp\/v2\/pages\/191\/revisions\/359"}],"wp:attachment":[{"href":"https:\/\/physicseconomy.com\/de\/wp-json\/wp\/v2\/media?parent=191"}],"curies":[{"name":"wp","href":"https:\/\/api.w.org\/{rel}","templated":true}]}}